{"id":972,"date":"2022-02-06T21:04:00","date_gmt":"2022-02-06T20:04:00","guid":{"rendered":"http:\/\/de-neu.aachen-kapstadt.de\/?page_id=972"},"modified":"2024-03-26T08:53:25","modified_gmt":"2024-03-26T07:53:25","slug":"data-protection-declaration","status":"publish","type":"page","link":"https:\/\/aachen-kapstadt.de\/en\/data-protection-declaration\/","title":{"rendered":"Data protection declaration"},"content":{"rendered":"<h1>Data protection declaration<\/h1>\n<div>\n<div>\n<div class=\"uk-panel uk-margin uk-scrollspy-inview\" data-id=\"page#0-0-0-1\" data-element=\"\" uk-scrollspy-class=\"\">\n<div>\n<p class=\"uk-page-title\"><strong>Verantwortlich im Sinne der Datenschutzgesetze ist:<\/strong><\/p>\n<div>\n<p>F\u00f6rderverein Aachen-Kapstadt e. V.<br \/>c\/o Welthaus Aachen<br \/>An der Schanz 1<br \/>52064 Aachen<br \/><a href=\"mailto:info@aachen-kapstadt.de\">info@aachen-kapstadt.de<\/a><\/p>\n<hr \/>\n<h2>Erfassung allgemeiner Informationen<\/h2>\n<p>Wenn Sie auf unsere Webseite zugreifen, werden automatisch Informationen allgemeiner Natur erfasst. Diese Informationen (Server-Logfiles) beinhalten etwa die Art des Webbrowsers, das verwendete Betriebssystem, den Domainnamen Ihres Internet Service Providers und \u00c4hnliches. Hierbei handelt es sich ausschlie\u00dflich um Informationen, welche keine R\u00fcckschl\u00fcsse auf Ihre Person zulassen. Diese Informationen sind technisch notwendig, um von Ihnen angeforderte Inhalte von Webseiten korrekt auszuliefern und fallen bei Nutzung des Internets zwingend an.<\/p>\n<p>Unser Provider \u201edogado\u201c speichert die Daten wie folgt:<\/p>\n<p>\u201eEs werden Zugriffs-Logfiles und Fehler-Logfiles auf dem Server gespeichert. Diese Logfiles enthalten die IP Adresse des Besuchers, und damit personenbezogene Daten. Es werden dort folgende Daten erfasst:<\/p>\n<p>Besuchte Webseite<br \/>Uhrzeit zum Zeitpunkt des Zugriffes<br \/>Menge der gesendeten Daten in Byte<br \/>Quelle\/Verweis, von welchem Sie auf die Seite gelangten<br \/>Verwendeter Browser<br \/>Verwendetes Betriebssystem<br \/>Verwendete IP Adresse<\/p>\n<p>Die L\u00f6schung erfolgt dann nach sp\u00e4testens 14 Tagen.<\/p>\n<p>Die Logfiles werden zur Aufrechterhaltung des sicheren Serverbetriebs erhoben und tempor\u00e4r gespeichert. Wir speichern zur Sicherstellung des Betriebs, die IP-Adressen in unseren Logfiles bis zu 14 Tage. Wo technisch m\u00f6glich und sinnvoll, anonymisieren wir IP-Adressen nach 24 Stunden.\u201c<\/p>\n<p><em>Quelle: https:\/\/www.dogado.de\/faq\/artikel\/fragen-zum-datenschutz-und-dsgvo\/<\/em><\/p>\n<h2>Cookies<\/h2>\n<p>Unsere Website setzt keine Cookies. Wir nutzen keine Tracking &amp; SocialMedia-Plugins. Die Session-Cookies werden beim Schli\u00dfen des Browsers gel\u00f6scht.<\/p>\n<h2>Statistiken<\/h2>\n<p>Wir nutzen das Programm \u201eStatify\u201c um Seitenaufrufe zu messen, dabei werden<\/p>\n<ul>\n<li>keine externen Scripts nachgeladen,<\/li>\n<li>keine Cookies gesetzt,<\/li>\n<li>keinerlei Nutzerdaten (z.B. die IP-Adresse) gespeichert.<\/li>\n<\/ul>\n<p>Statify erfasst\u00a0nur Seitenaufrufe\u00a0und keine Besucher.<\/p>\n<h2>Kontaktformular<\/h2>\n<p>Treten Sie per E-Mail oder Kontaktformular mit uns in Kontakt, werden die von Ihnen gemachten Angaben zum Zwecke der Bearbeitung der Anfrage sowie f\u00fcr m\u00f6gliche Anschlussfragen gespeichert.<\/p>\n<h2>SSL-Verschl\u00fcsselung<\/h2>\n<p>Um die Sicherheit Ihrer Daten bei der \u00dcbertragung zu sch\u00fctzen, verwenden wir dem aktuellen Stand der Technik entsprechende Verschl\u00fcsselungsverfahren (SSL) \u00fcber HTTPS.<\/p>\n<h2>Googel Fonts<\/h2>\n<p>Wir nutzen die Schrift Ubuntu von Google Fonts. Die Schrift ist lokal gespeichert.<\/p>\n<h2>YouTube-Videos<\/h2>\n<p>Die Videos sind lediglich verlinkt und nicht eingebettet. Eine Datenaustausch findet nicht statt.<\/p>\n<h2>Social Media<\/h2>\n<p>Wir verlinken lediglich auf unsere Social Media Plattformen. Einen Datenaustausch findet nicht statt.<\/p>\n<h2>Ihre Rechte<\/h2>\n<p>Sie haben das Recht, jederzeit Auskunft \u00fcber Ihre bei uns gespeicherten personenbezogenen Daten zu erhalten. Ebenso haben Sie das Recht auf Berichtigung, Sperrung und L\u00f6schung Ihrer personenbezogenen Daten. Bitte wenden Sie sich dazu an uns: <a href=\"mailto:info@aachen-kapstadt.de\">info@aachen-kapstadt.de<\/a><\/p>\n<\/div>\n<\/div>\n<\/div>\n<\/div>\n<\/div>\n<p><!--more--><br \/>\n<!-- {\"name\":\"Datenschutz\",\"type\":\"layout\",\"children\":[{\"type\":\"section\",\"props\":{\"animation\":\"scale-up\",\"image_position\":\"center-center\",\"style\":\"default\",\"title_breakpoint\":\"xl\",\"title_position\":\"top-left\",\"title_rotation\":\"left\",\"vertical_align\":\"middle\",\"width\":\"default\"},\"children\":[{\"type\":\"row\",\"children\":[{\"type\":\"column\",\"props\":{\"image_position\":\"center-center\",\"position_sticky_breakpoint\":\"m\"},\"children\":[{\"type\":\"headline\",\"props\":{\"content\":\"Data protection declaration\",\"title_decoration\":\"divider\",\"title_element\":\"h1\"}},{\"type\":\"text\",\"props\":{\"column_breakpoint\":\"m\",\"content\":\"\n\n<div>\\n\n\n<div class=\\\"uk-panel uk-margin uk-scrollspy-inview\\\" data-id=\\\"page#0-0-0-1\\\" data-element=\\\"\\\" uk-scrollspy-class=\\\"\\\">\\n\n\n<div>\\n\n\n<p class=\\\"uk-page-title\\\"><strong>Verantwortlich im Sinne der Datenschutzgesetze ist:<\\\/strong><\\\/p>\\n\n\n<div>\\n\n\n<p>F\\u00f6rderverein Aachen-Kapstadt e. V.<br \\\/>c\\\/o Welthaus Aachen<br \\\/>An der Schanz 1<br \\\/>52064 Aachen<br \\\/><a href=\\\"mailto:info@aachen-kapstadt.de\\\">info@aachen-kapstadt.de<\\\/a><\\\/p>\\n\n\n<hr \\\/>\\n\n\n<h2>Erfassung allgemeiner Informationen<\\\/h2>\\n\n\n<p>Wenn Sie auf unsere Webseite zugreifen, werden automatisch Informationen allgemeiner Natur erfasst. Diese Informationen (Server-Logfiles) beinhalten etwa die Art des Webbrowsers, das verwendete Betriebssystem, den Domainnamen Ihres Internet Service Providers und \\u00c4hnliches. Hierbei handelt es sich ausschlie\\u00dflich um Informationen, welche keine R\\u00fcckschl\\u00fcsse auf Ihre Person zulassen. Diese Informationen sind technisch notwendig, um von Ihnen angeforderte Inhalte von Webseiten korrekt auszuliefern und fallen bei Nutzung des Internets zwingend an.<\\\/p>\\n\n\n<p>Unser Provider \\u201edogado\\u201c speichert die Daten wie folgt:<\\\/p>\\n\n\n<p>\\u201eEs werden Zugriffs-Logfiles und Fehler-Logfiles auf dem Server gespeichert. Diese Logfiles enthalten die IP Adresse des Besuchers, und damit personenbezogene Daten. Es werden dort folgende Daten erfasst:<\\\/p>\\n\n\n<p>Besuchte Webseite<br \\\/>Uhrzeit zum Zeitpunkt des Zugriffes<br \\\/>Menge der gesendeten Daten in Byte<br \\\/>Quelle\\\/Verweis, von welchem Sie auf die Seite gelangten<br \\\/>Verwendeter Browser<br \\\/>Verwendetes Betriebssystem<br \\\/>Verwendete IP Adresse<\\\/p>\\n\n\n<p>Die L\\u00f6schung erfolgt dann nach sp\\u00e4testens 14 Tagen.<\\\/p>\\n\n\n<p>Die Logfiles werden zur Aufrechterhaltung des sicheren Serverbetriebs erhoben und tempor\\u00e4r gespeichert. Wir speichern zur Sicherstellung des Betriebs, die IP-Adressen in unseren Logfiles bis zu 14 Tage. Wo technisch m\\u00f6glich und sinnvoll, anonymisieren wir IP-Adressen nach 24 Stunden.\\u201c<\\\/p>\\n\n\n<p><em>Quelle: https:\\\/\\\/www.dogado.de\\\/faq\\\/artikel\\\/fragen-zum-datenschutz-und-dsgvo\\\/<\\\/em><\\\/p>\\n\n\n<h2>Cookies<\\\/h2>\\n\n\n<p>Unsere Website setzt keine Cookies. Wir nutzen keine Tracking &amp; SocialMedia-Plugins. Die Session-Cookies werden beim Schli\\u00dfen des Browsers gel\\u00f6scht.<\\\/p>\\n\n\n<h2>Statistiken<\\\/h2>\\n\n\n<p>Wir nutzen das Programm \\u201eStatify\\u201c um Seitenaufrufe zu messen, dabei werden<\\\/p>\\n\n\n<ul>\\n\n\n<li>keine externen Scripts nachgeladen,<\\\/li>\\n\n\n<li>keine Cookies gesetzt,<\\\/li>\\n\n\n<li>keinerlei Nutzerdaten (z.B. die IP-Adresse) gespeichert.<\\\/li>\\n<\\\/ul>\\n\n\n<p>Statify erfasst\\u00a0nur Seitenaufrufe\\u00a0und keine Besucher.<\\\/p>\\n\n\n<h2>Kontaktformular<\\\/h2>\\n\n\n<p>Treten Sie per E-Mail oder Kontaktformular mit uns in Kontakt, werden die von Ihnen gemachten Angaben zum Zwecke der Bearbeitung der Anfrage sowie f\\u00fcr m\\u00f6gliche Anschlussfragen gespeichert.<\\\/p>\\n\n\n<h2>SSL-Verschl\\u00fcsselung<\\\/h2>\\n\n\n<p>Um die Sicherheit Ihrer Daten bei der \\u00dcbertragung zu sch\\u00fctzen, verwenden wir dem aktuellen Stand der Technik entsprechende Verschl\\u00fcsselungsverfahren (SSL) \\u00fcber HTTPS.<\\\/p>\\n\n\n<h2>Googel Fonts<\\\/h2>\\n\n\n<p>Wir nutzen die Schrift Ubuntu von Google Fonts. Die Schrift ist lokal gespeichert.<\\\/p>\\n\n\n<h2>YouTube-Videos<\\\/h2>\\nDie Videos sind lediglich verlinkt und nicht eingebettet. Eine Datenaustausch findet nicht statt.\\n\n\n<h2>Social Media<\\\/h2>\\n\n\n<p>Wir verlinken lediglich auf unsere Social Media Plattformen. Einen Datenaustausch findet nicht statt.<\\\/p>\\n\n\n<h2>Ihre Rechte<\\\/h2>\\n\n\n<p>Sie haben das Recht, jederzeit Auskunft \\u00fcber Ihre bei uns gespeicherten personenbezogenen Daten zu erhalten. Ebenso haben Sie das Recht auf Berichtigung, Sperrung und L\\u00f6schung Ihrer personenbezogenen Daten. Bitte wenden Sie sich dazu an uns: <a href=\\\"mailto:info@aachen-kapstadt.de\\\">info@aachen-kapstadt.de<\\\/a><\\\/p>\\n<\\\/div>\\n<\\\/div>\\n<\\\/div>\\n<\\\/div>\",\"margin\":\"default\"}}]}]}]}],\"version\":\"4.3.8\"} --><\/p>\n","protected":false},"excerpt":{"rendered":"<p>Data protection declaration Verantwortlich im Sinne der Datenschutzgesetze ist: F\u00f6rderverein Aachen-Kapstadt e. V.c\/o Welthaus AachenAn der Schanz 152064 Aacheninfo@aachen-kapstadt.de Erfassung allgemeiner Informationen Wenn Sie auf unsere Webseite zugreifen, werden automatisch Informationen allgemeiner Natur erfasst. Diese Informationen (Server-Logfiles) beinhalten etwa die Art des Webbrowsers, das verwendete Betriebssystem, den Domainnamen Ihres Internet Service Providers und \u00c4hnliches. Hierbei [&hellip;]<\/p>\n","protected":false},"author":1,"featured_media":0,"parent":0,"menu_order":0,"comment_status":"closed","ping_status":"closed","template":"","meta":{"footnotes":""},"class_list":["post-972","page","type-page","status-publish","hentry"],"yoast_head":"<!-- This site is optimized with the Yoast SEO plugin v27.1.1 - https:\/\/yoast.com\/product\/yoast-seo-wordpress\/ -->\n<title>Data protection declaration - Aachen-Kapstadt<\/title>\n<meta name=\"robots\" content=\"index, follow, max-snippet:-1, max-image-preview:large, max-video-preview:-1\" \/>\n<link rel=\"canonical\" href=\"https:\/\/aachen-kapstadt.de\/en\/data-protection-declaration\/\" \/>\n<meta property=\"og:locale\" content=\"en_US\" \/>\n<meta property=\"og:type\" content=\"article\" \/>\n<meta property=\"og:title\" content=\"Data protection declaration - Aachen-Kapstadt\" \/>\n<meta property=\"og:description\" content=\"Data protection declaration Verantwortlich im Sinne der Datenschutzgesetze ist: F\u00f6rderverein Aachen-Kapstadt e. V.c\/o Welthaus AachenAn der Schanz 152064 Aacheninfo@aachen-kapstadt.de Erfassung allgemeiner Informationen Wenn Sie auf unsere Webseite zugreifen, werden automatisch Informationen allgemeiner Natur erfasst. Diese Informationen (Server-Logfiles) beinhalten etwa die Art des Webbrowsers, das verwendete Betriebssystem, den Domainnamen Ihres Internet Service Providers und \u00c4hnliches. Hierbei [&hellip;]\" \/>\n<meta property=\"og:url\" content=\"https:\/\/aachen-kapstadt.de\/en\/data-protection-declaration\/\" \/>\n<meta property=\"og:site_name\" content=\"Aachen-Kapstadt\" \/>\n<meta property=\"article:publisher\" content=\"https:\/\/www.facebook.com\/Partnerschaft-Aachen-Kapstadt-1172328452939464\/\" \/>\n<meta property=\"article:modified_time\" content=\"2024-03-26T07:53:25+00:00\" \/>\n<meta name=\"twitter:card\" content=\"summary_large_image\" \/>\n<meta name=\"twitter:label1\" content=\"Est. reading time\" \/>\n\t<meta name=\"twitter:data1\" content=\"2 minutes\" \/>\n<script type=\"application\/ld+json\" class=\"yoast-schema-graph\">{\"@context\":\"https:\/\/schema.org\",\"@graph\":[{\"@type\":\"WebPage\",\"@id\":\"https:\/\/aachen-kapstadt.de\/en\/data-protection-declaration\/\",\"url\":\"https:\/\/aachen-kapstadt.de\/en\/data-protection-declaration\/\",\"name\":\"Data protection declaration - Aachen-Kapstadt\",\"isPartOf\":{\"@id\":\"https:\/\/aachen-kapstadt.de\/#website\"},\"datePublished\":\"2022-02-06T20:04:00+00:00\",\"dateModified\":\"2024-03-26T07:53:25+00:00\",\"breadcrumb\":{\"@id\":\"https:\/\/aachen-kapstadt.de\/en\/data-protection-declaration\/#breadcrumb\"},\"inLanguage\":\"en-US\",\"potentialAction\":[{\"@type\":\"ReadAction\",\"target\":[\"https:\/\/aachen-kapstadt.de\/en\/data-protection-declaration\/\"]}]},{\"@type\":\"BreadcrumbList\",\"@id\":\"https:\/\/aachen-kapstadt.de\/en\/data-protection-declaration\/#breadcrumb\",\"itemListElement\":[{\"@type\":\"ListItem\",\"position\":1,\"name\":\"Startseite\",\"item\":\"https:\/\/aachen-kapstadt.de\/en\/\"},{\"@type\":\"ListItem\",\"position\":2,\"name\":\"Data protection declaration\"}]},{\"@type\":\"WebSite\",\"@id\":\"https:\/\/aachen-kapstadt.de\/#website\",\"url\":\"https:\/\/aachen-kapstadt.de\/\",\"name\":\"Aachen-Kapstadt\",\"description\":\"Agenda 21 \u2013 Partnerschaft Aachen-Kapstadt\",\"publisher\":{\"@id\":\"https:\/\/aachen-kapstadt.de\/#organization\"},\"potentialAction\":[{\"@type\":\"SearchAction\",\"target\":{\"@type\":\"EntryPoint\",\"urlTemplate\":\"https:\/\/aachen-kapstadt.de\/?s={search_term_string}\"},\"query-input\":{\"@type\":\"PropertyValueSpecification\",\"valueRequired\":true,\"valueName\":\"search_term_string\"}}],\"inLanguage\":\"en-US\"},{\"@type\":\"Organization\",\"@id\":\"https:\/\/aachen-kapstadt.de\/#organization\",\"name\":\"F\u00f6rderverein Aachen-Kapstadt e. V.\",\"url\":\"https:\/\/aachen-kapstadt.de\/\",\"logo\":{\"@type\":\"ImageObject\",\"inLanguage\":\"en-US\",\"@id\":\"https:\/\/aachen-kapstadt.de\/#\/schema\/logo\/image\/\",\"url\":\"https:\/\/aachen-kapstadt.de\/wp-content\/uploads\/2022\/02\/AACHEN-KAPSTADT-LOGO.svg\",\"contentUrl\":\"https:\/\/aachen-kapstadt.de\/wp-content\/uploads\/2022\/02\/AACHEN-KAPSTADT-LOGO.svg\",\"width\":1,\"height\":1,\"caption\":\"F\u00f6rderverein Aachen-Kapstadt e. V.\"},\"image\":{\"@id\":\"https:\/\/aachen-kapstadt.de\/#\/schema\/logo\/image\/\"},\"sameAs\":[\"https:\/\/www.facebook.com\/Partnerschaft-Aachen-Kapstadt-1172328452939464\/\",\"https:\/\/www.youtube.com\/channel\/UC6S9zUumqjcVqc1fkVb6kYQ\"]}]}<\/script>\n<!-- \/ Yoast SEO plugin. -->","yoast_head_json":{"title":"Data protection declaration - Aachen-Kapstadt","robots":{"index":"index","follow":"follow","max-snippet":"max-snippet:-1","max-image-preview":"max-image-preview:large","max-video-preview":"max-video-preview:-1"},"canonical":"https:\/\/aachen-kapstadt.de\/en\/data-protection-declaration\/","og_locale":"en_US","og_type":"article","og_title":"Data protection declaration - Aachen-Kapstadt","og_description":"Data protection declaration Verantwortlich im Sinne der Datenschutzgesetze ist: F\u00f6rderverein Aachen-Kapstadt e. V.c\/o Welthaus AachenAn der Schanz 152064 Aacheninfo@aachen-kapstadt.de Erfassung allgemeiner Informationen Wenn Sie auf unsere Webseite zugreifen, werden automatisch Informationen allgemeiner Natur erfasst. Diese Informationen (Server-Logfiles) beinhalten etwa die Art des Webbrowsers, das verwendete Betriebssystem, den Domainnamen Ihres Internet Service Providers und \u00c4hnliches. Hierbei [&hellip;]","og_url":"https:\/\/aachen-kapstadt.de\/en\/data-protection-declaration\/","og_site_name":"Aachen-Kapstadt","article_publisher":"https:\/\/www.facebook.com\/Partnerschaft-Aachen-Kapstadt-1172328452939464\/","article_modified_time":"2024-03-26T07:53:25+00:00","twitter_card":"summary_large_image","twitter_misc":{"Est. reading time":"2 minutes"},"schema":{"@context":"https:\/\/schema.org","@graph":[{"@type":"WebPage","@id":"https:\/\/aachen-kapstadt.de\/en\/data-protection-declaration\/","url":"https:\/\/aachen-kapstadt.de\/en\/data-protection-declaration\/","name":"Data protection declaration - Aachen-Kapstadt","isPartOf":{"@id":"https:\/\/aachen-kapstadt.de\/#website"},"datePublished":"2022-02-06T20:04:00+00:00","dateModified":"2024-03-26T07:53:25+00:00","breadcrumb":{"@id":"https:\/\/aachen-kapstadt.de\/en\/data-protection-declaration\/#breadcrumb"},"inLanguage":"en-US","potentialAction":[{"@type":"ReadAction","target":["https:\/\/aachen-kapstadt.de\/en\/data-protection-declaration\/"]}]},{"@type":"BreadcrumbList","@id":"https:\/\/aachen-kapstadt.de\/en\/data-protection-declaration\/#breadcrumb","itemListElement":[{"@type":"ListItem","position":1,"name":"Startseite","item":"https:\/\/aachen-kapstadt.de\/en\/"},{"@type":"ListItem","position":2,"name":"Data protection declaration"}]},{"@type":"WebSite","@id":"https:\/\/aachen-kapstadt.de\/#website","url":"https:\/\/aachen-kapstadt.de\/","name":"Aachen-Kapstadt","description":"Agenda 21 \u2013 Partnerschaft Aachen-Kapstadt","publisher":{"@id":"https:\/\/aachen-kapstadt.de\/#organization"},"potentialAction":[{"@type":"SearchAction","target":{"@type":"EntryPoint","urlTemplate":"https:\/\/aachen-kapstadt.de\/?s={search_term_string}"},"query-input":{"@type":"PropertyValueSpecification","valueRequired":true,"valueName":"search_term_string"}}],"inLanguage":"en-US"},{"@type":"Organization","@id":"https:\/\/aachen-kapstadt.de\/#organization","name":"F\u00f6rderverein Aachen-Kapstadt e. V.","url":"https:\/\/aachen-kapstadt.de\/","logo":{"@type":"ImageObject","inLanguage":"en-US","@id":"https:\/\/aachen-kapstadt.de\/#\/schema\/logo\/image\/","url":"https:\/\/aachen-kapstadt.de\/wp-content\/uploads\/2022\/02\/AACHEN-KAPSTADT-LOGO.svg","contentUrl":"https:\/\/aachen-kapstadt.de\/wp-content\/uploads\/2022\/02\/AACHEN-KAPSTADT-LOGO.svg","width":1,"height":1,"caption":"F\u00f6rderverein Aachen-Kapstadt e. V."},"image":{"@id":"https:\/\/aachen-kapstadt.de\/#\/schema\/logo\/image\/"},"sameAs":["https:\/\/www.facebook.com\/Partnerschaft-Aachen-Kapstadt-1172328452939464\/","https:\/\/www.youtube.com\/channel\/UC6S9zUumqjcVqc1fkVb6kYQ"]}]}},"_links":{"self":[{"href":"https:\/\/aachen-kapstadt.de\/en\/wp-json\/wp\/v2\/pages\/972","targetHints":{"allow":["GET"]}}],"collection":[{"href":"https:\/\/aachen-kapstadt.de\/en\/wp-json\/wp\/v2\/pages"}],"about":[{"href":"https:\/\/aachen-kapstadt.de\/en\/wp-json\/wp\/v2\/types\/page"}],"author":[{"embeddable":true,"href":"https:\/\/aachen-kapstadt.de\/en\/wp-json\/wp\/v2\/users\/1"}],"replies":[{"embeddable":true,"href":"https:\/\/aachen-kapstadt.de\/en\/wp-json\/wp\/v2\/comments?post=972"}],"version-history":[{"count":5,"href":"https:\/\/aachen-kapstadt.de\/en\/wp-json\/wp\/v2\/pages\/972\/revisions"}],"predecessor-version":[{"id":1871,"href":"https:\/\/aachen-kapstadt.de\/en\/wp-json\/wp\/v2\/pages\/972\/revisions\/1871"}],"wp:attachment":[{"href":"https:\/\/aachen-kapstadt.de\/en\/wp-json\/wp\/v2\/media?parent=972"}],"curies":[{"name":"wp","href":"https:\/\/api.w.org\/{rel}","templated":true}]}}